{"id":2,"date":"2012-11-12T16:44:38","date_gmt":"2012-11-12T16:44:38","guid":{"rendered":"http:\/\/www.mylogistics.cl\/web\/?page_id=2"},"modified":"2012-12-06T16:12:39","modified_gmt":"2012-12-06T16:12:39","slug":"quienes_somos","status":"publish","type":"page","link":"http:\/\/www.mylogistics.cl\/web\/quienes_somos\/","title":{"rendered":"Quienes Somos"},"content":{"rendered":"<p style=\"text-align: left;\"><a href=\"http:\/\/www.mylogistics.cl\/web\/wp-content\/uploads\/2012\/11\/slide_021.jpg\"><img loading=\"lazy\" decoding=\"async\" class=\"alignleft size-medium wp-image-69\" title=\"slide_02\" src=\"http:\/\/www.mylogistics.cl\/web\/wp-content\/uploads\/2012\/11\/slide_021-300x115.jpg\" alt=\"\" width=\"300\" height=\"115\" srcset=\"http:\/\/www.mylogistics.cl\/web\/wp-content\/uploads\/2012\/11\/slide_021-300x115.jpg 300w, http:\/\/www.mylogistics.cl\/web\/wp-content\/uploads\/2012\/11\/slide_021.jpg 959w\" sizes=\"(max-width: 300px) 100vw, 300px\" \/><\/a>MY Logistics es dirigida por Mario Yentzen, quien se ha desempe\u00f1ado en el rubro naviero y de transporte terrestre por m\u00e1s de 40 a\u00f1os. Desempe\u00f1ando funciones en: Compa\u00f1\u00eda Sudamericana de Vapores, Dep\u00f3sitos de Contendores Intermodal y Agunsa, Agente en Valpara\u00edso e Iquique de la empresa administradora de recursos humanos portuarios Cosem, y en la empresa de forwarding OSL Gesti\u00f3n Logistica.<\/p>\n<p>En el 2012, Mario Yentzen decide iniciar emprender un nuevo desaf\u00edo creando MY Logistics.<\/p>\n<p>&nbsp;<\/p>\n","protected":false},"excerpt":{"rendered":"<p>MY Logistics es dirigida por Mario Yentzen, quien se ha desempe\u00f1ado en el rubro naviero y de transporte terrestre por m\u00e1s de 40 a\u00f1os. Desempe\u00f1ando funciones en: Compa\u00f1\u00eda Sudamericana de Vapores, Dep\u00f3sitos de Contendores Intermodal y Agunsa, Agente en Valpara\u00edso e Iquique de la empresa administradora de recursos humanos portuarios Cosem, y en la empresa<\/p>\n<p class=\"readmore\"> <a href=\"http:\/\/www.mylogistics.cl\/web\/quienes_somos\/\" title=\"Read Quienes Somos\">Read more&#8230;<\/a> <\/p>\n","protected":false},"author":1,"featured_media":0,"parent":0,"menu_order":1,"comment_status":"open","ping_status":"open","template":"","meta":{"footnotes":""},"_links":{"self":[{"href":"http:\/\/www.mylogistics.cl\/web\/wp-json\/wp\/v2\/pages\/2"}],"collection":[{"href":"http:\/\/www.mylogistics.cl\/web\/wp-json\/wp\/v2\/pages"}],"about":[{"href":"http:\/\/www.mylogistics.cl\/web\/wp-json\/wp\/v2\/types\/page"}],"author":[{"embeddable":true,"href":"http:\/\/www.mylogistics.cl\/web\/wp-json\/wp\/v2\/users\/1"}],"replies":[{"embeddable":true,"href":"http:\/\/www.mylogistics.cl\/web\/wp-json\/wp\/v2\/comments?post=2"}],"version-history":[{"count":14,"href":"http:\/\/www.mylogistics.cl\/web\/wp-json\/wp\/v2\/pages\/2\/revisions"}],"predecessor-version":[{"id":109,"href":"http:\/\/www.mylogistics.cl\/web\/wp-json\/wp\/v2\/pages\/2\/revisions\/109"}],"wp:attachment":[{"href":"http:\/\/www.mylogistics.cl\/web\/wp-json\/wp\/v2\/media?parent=2"}],"curies":[{"name":"wp","href":"https:\/\/api.w.org\/{rel}","templated":true}]}}